{"id":701,"date":"2025-11-12T18:08:33","date_gmt":"2025-11-12T17:08:33","guid":{"rendered":"https:\/\/chateau-blanat.fr\/page-d-exemple\/"},"modified":"2026-04-13T21:58:36","modified_gmt":"2026-04-13T19:58:36","slug":"page-d-exemple","status":"publish","type":"page","link":"https:\/\/chateau-blanat.fr\/en\/","title":{"rendered":"Guest ch\u00e2teau and events in the Dordogne Valley"},"content":{"rendered":"\n<h2 class=\"wp-block-heading has-text-align-center\">Welcome to Ch\u00e2teau Blanat<\/h2>\n\n\n\n<div style=\"height:30px\" aria-hidden=\"true\" class=\"wp-block-spacer\"><\/div>\n\n\n\n<p class=\"has-drop-cap\">Nestled in the <strong>Dordogne valley<\/strong>, at the heart of the former Viscounty of Turenne, near Rocamadour, just an hour from Sarlat in P\u00e9rigord, and close proximity to 10 of the \u201cMost Beautiful Villages in France,\u201d this 15th-century castle sits majestically atop a hill at the end of a scenic forest path.<\/p>\n\n\n\n<p>It is the <strong>perfect destination for vacations, family gatherings, or private celebrations<\/strong>, blending historic elegance with luxurious comfort for an unforgettable, timeless experience.<\/p>\n\n\n\n<p>Explore <strong><a href=\"https:\/\/chateau-blanat.fr\/en\/tourism-dordogne\/\" data-type=\"page\" data-id=\"718\">a region celebrated<\/a><\/strong> for its breathtaking landscapes, remarkable architecture, <a href=\"https:\/\/chateau-blanat.fr\/en\/tourisme\/gastronomy-in-the-dordogne-lot-and-correze-regions\/\" data-type=\"tourisme\" data-id=\"735\">regional cuisine<\/a>, and countless charming sites. Play a round at one of the four golf courses located less than 40 minutes from the ch\u00e2teau. Or simply relax in this extraordinary setting.<\/p>\n\n\n\n<p>You will cherish its peaceful ambiance, refined lifestyle, and the excellence of its attentive service by the owners. English spoken.<\/p>\n\n\n\n<div id=\"cta-block_f543a928f3f9daefa21b74a9f1558618\" class=\"cta center-button\">\n                        <a class=\"button\" href=\"https:\/\/reserver.chateau-blanat.fr\/en-GB\/\" target=\"_blank\" rel=\"nofollow\">Book online<\/a>\n         \n     \n<\/div>\n\n\n<div id=\"experience-block_4a6bbb940b477ac91444a71fc24f2fb2\" class=\"experience grid alignwide righty\">\n\t\t\t\t\t\t\t\t\t<div class=\"text\">\n\t\t\t\t<div class=\"centering\">\n\t\t\t\t\t\t\t\t\t\t\t\t\t\t\t\t<h2>A longing to get away<\/h2>\n\t\t\t\t\t\t\t\t\t\t\t\t\t\t\t<p>From the terrace, you can admire the sweeping hills of Haut-Quercy, including Puy d&#8217;Issolud, which is thought to be the site of Julius Caesar&#8217;s very final battle during the Gallic Wars..<\/p>\n<p><strong>A stroll through the park, the castle\u2019s three towers <\/strong>&#8211; construction began in 1453 &#8211;<strong> the medieval hall, and the vaulted cellar, designed for tastings of local specialties, reveal a history that spans a thousand years.<\/strong><\/p>\n<p>This tranquil sanctuary, which has endured through the centuries and welcomed artists such as Nino Ferrer for the recording of his self-titled album \u201cBlanat,\u201d has been lovingly restored to provide a peaceful retreat for guests seeking an unforgettable experience in a truly exceptional setting.<\/p>\n<p><strong>The inviting, spacious, and uniquely appointed suites and rooms<\/strong> are thoughtfully equipped to ensure your utmost comfort.<\/p>\n\t\t\t\t\t\t\t\t\t<\/div>\t\n\t\t\t<\/div>\n\t\t\t\t\t\t<div class=\"img_container right_alignment\">\n\t\t\t\t<div class=\"imgcover right\">\n\t\t\t\t\t\t\t\t\t\t\t\t\t\t\t    \t\t<div class=\"first_image slidetop load-hidden\" style=\"background-image: url(https:\/\/chateau-blanat.fr\/assets\/location-chambre-hotes-dordogne-chateau-entree-753x1000.jpg);background-position: 40% 50%\">\n\t\t\t\t    \t\t\t\n\t\t\t\t    \t<\/div>\n\n\t\t\t\t    \t\t\t\t\t    \t\t<div class=\"second_image slidebottom load-hidden\" style=\"background-image: url(https:\/\/chateau-blanat.fr\/assets\/location-chambre-hotes-dordogne-chateau-tour-vue-753x1000.jpg);background-position: 43% 50%\">\n\t\t\t\t    \t\t\t\t\n\t\t\t\t    \t<\/div>\n\t\t\t\t    \t\n\t\t\t\t<\/div>\n\t\t\t<\/div>\n\t\t\t\t\n<\/div>\n\n\n\n<div class=\"color_exp\">\n<div id=\"experience-block_57ad28ddd8ef191ab74b0ed806c36764\" class=\"experience grid alignwide lefty\">\n\t\t\t\t\t\t\t\t\t\n\t\t\t<div class=\"img_container\">\n\t\t\t\t<div class=\"imgcover\">\n\t\t\t\t\t\t\t\t\t\t\t\t\t\t\t    \t\t<div class=\"first_image slidetop load-hidden\" style=\"background-image: url(https:\/\/chateau-blanat.fr\/assets\/Blanat-Chateau-12-sur-15-753x1000.jpg);background-position: 9% 50%\">\n\t\t\t\t    \t\t\t\n\t\t\t\t    \t<\/div>\n\n\t\t\t\t    \t\t\t\t\t    \t\t<div class=\"second_image slidebottom load-hidden\" style=\"background-image: url(https:\/\/chateau-blanat.fr\/assets\/location-gite-chateau-dordogne-piscine-vue-753x1000.jpg);background-position: 14% 50%\">\n\t\t\t\t    \t\t\t\t\n\t\t\t\t    \t<\/div>\n\t\t\t\t    \t\n\t\t\t\t<\/div>\n\t\t\t<\/div>\n\t\t    <div class=\"text right_position\">\n\t\t    \t<div class=\"centering\">\n\t\t    \t\t\t\t\t\t\t\t\t\t\t\t\t<h2>A delightful place to call home<\/h2>\n\t\t\t\t\t\t\t\t\t\t<p>As inviting as your room is, you&#8217;ll also enjoy spending quality time with friends or family around the pool table, soaking in the cozy atmosphere of the castle bar with its piano, or relaxing with a good book in one of the park&#8217;s comfortable armchairs.<\/p>\n<p>Bask in the sun by the 15x5m heated pool, where the terrace is lined with plush deckchairs that invite you to unwind and relax.<\/p>\n<p>Book an appointment to enjoy a relaxing moment for two in the hammam and spa at our Wellness Area.<\/p>\n\t\t\t\t\t\t\t\t\t<\/div>\t\n\t\t\t<\/div>\n\t\t\t\n\t\t\t\t\n<\/div>\n<\/div>\n\n\n\n<div id=\"experience-block_e5011b89d5259d57b61b1f815a602eaf\" class=\"experience grid alignwide righty\">\n\t\t\t\t\t\t\t\t\t<div class=\"text\">\n\t\t\t\t<div class=\"centering\">\n\t\t\t\t\t\t\t\t\t\t\t\t\t\t\t\t<h2>Your stay in the Dordogne Valley<\/h2>\n\t\t\t\t\t\t\t\t\t\t\t\t\t\t\t<p>Experience the Dordogne Valley in comfort at the Pavilion, located directly across from the Ch\u00e2teau. This spacious residence offers ca.2,600 square feet (240 m\u00b2) of living space, featuring a well-equipped kitchen and four bedrooms ranging from 325 to 700 square feet (30 to 65 m\u00b2). Each bedroom includes a generous bathroom for your convenience.<\/p>\n<p>Enjoy the privacy of your own enclosed terrace and relax in a private hot tub that comfortably accommodates six people.<\/p>\n<p>The Pavilion is available for weekly rentals, exclusively for your group of up to ten guests, including two children.<\/p>\n<p>Stroll through the Ch\u00e2teau\u2019s beautiful grounds at your leisure. During opening hours, you can also take a refreshing swim in the pool, enjoy a drink at the Ch\u00e2teau bar, or unwind with a game of billiards with friends.<\/p>\n\t\t\t\t\t\t\t\t\t<\/div>\t\n\t\t\t<\/div>\n\t\t\t\t\t\t<div class=\"img_container right_alignment\">\n\t\t\t\t<div class=\"imgcover right\">\n\t\t\t\t\t\t\t\t\t\t\t\t\t\t\t    \t\t<div class=\"first_image slidetop load-hidden\" style=\"background-image: url(https:\/\/chateau-blanat.fr\/assets\/location-chambre-chateau-dordogne-gite-pavillon-facade-terrasse-753x1000.jpg);background-position: 8% 50%\">\n\t\t\t\t    \t\t\t\n\t\t\t\t    \t<\/div>\n\n\t\t\t\t    \t\t\t\t\t    \t\t<div class=\"second_image slidebottom load-hidden\" style=\"background-image: url(https:\/\/chateau-blanat.fr\/assets\/location-chambre-hotes-dordogne-chateau-gite-pavillon-terrasse-jardin-753x1000.jpg);background-position: 45% 50%\">\n\t\t\t\t    \t\t\t\t\n\t\t\t\t    \t<\/div>\n\t\t\t\t    \t\n\t\t\t\t<\/div>\n\t\t\t<\/div>\n\t\t\t\t\n<\/div>\n\n\n\n<div class=\"color_exp\">\n<div id=\"experience-block_1ec930d03b44a9c3d8d061585ac08644\" class=\"experience grid alignwide lefty\">\n\t\t\t\t\t\t\t\t\t\n\t\t\t<div class=\"img_container\">\n\t\t\t\t<div class=\"imgcover\">\n\t\t\t\t\t\t\t\t\t\t\t\t\t\t\t    \t\t<div class=\"first_image slidetop load-hidden\" style=\"background-image: url(https:\/\/chateau-blanat.fr\/assets\/location-chambre-hotes-dordogne-chateau-suite-auroire-chambre-lit-double-bleu-753x1000.jpg);background-position: 55% 50%\">\n\t\t\t\t    \t\t\t\n\t\t\t\t    \t<\/div>\n\n\t\t\t\t    \t\t\t\t\t    \t\t<div class=\"second_image slidebottom load-hidden\" style=\"background-image: url(https:\/\/chateau-blanat.fr\/assets\/location-chambre-hotes-chateau-collonges-salle-bain-753x1000.jpg);background-position: 50% 50%\">\n\t\t\t\t    \t\t\t\t\n\t\t\t\t    \t<\/div>\n\t\t\t\t    \t\n\t\t\t\t<\/div>\n\t\t\t<\/div>\n\t\t    <div class=\"text right_position\">\n\t\t    \t<div class=\"centering\">\n\t\t    \t\t\t\t\t\t\t\t\t\t\t\t\t<h2>Rooms and suites at the castle<\/h2>\n\t\t\t\t\t\t\t\t\t\t<p>Inside the castle, guests can enjoy two spacious suites of 50 and 80 square meters, along with three elegant rooms ranging from 45 to 50 square meters. These accommodations offer complete privacy and comfort for a truly relaxing stay.<\/p>\n<p>All suites and rooms are air-conditioned and feature complimentary Wi-Fi, a flat-screen television, and a luxurious bathroom equipped with premium amenities.<\/p>\n<p>For families traveling with young children, a crib can be provided in the parents\u2019 room for children under three years old.<\/p>\n<p>Each room includes a selection of Terre de Mars care products, enhancing your relaxation experience in the bathroom.<\/p>\n<p>&nbsp;<\/p>\n\t\t\t\t\t\t\t\t\t<\/div>\t\n\t\t\t<\/div>\n\t\t\t\n\t\t\t\t\n<\/div>\n<\/div>\n\n\n\n<div class=\"wp-block-cover alignfull is-light has-parallax\" style=\"min-height:550px;aspect-ratio:unset;\"><div class=\"wp-block-cover__image-background wp-image-347 size-full has-parallax\" style=\"background-position:50% 50%;background-image:url(https:\/\/chateau-blanat.fr\/assets\/location-chambre-hotes-dordogne-chateau-vue-nature.jpg)\"><\/div><span aria-hidden=\"true\" class=\"wp-block-cover__background has-background-dim-60 has-background-dim wp-block-cover__gradient-background has-background-gradient\" style=\"background-color:#818887;background:linear-gradient(135deg,rgb(58,46,31) 1%,rgb(58,46,31) 100%)\"><\/span><div class=\"wp-block-cover__inner-container is-layout-constrained wp-block-cover-is-layout-constrained\">\n<h2 class=\"wp-block-heading has-text-align-center has-large-font-size\">Treat yourself to disconnect and relax<\/h2>\n\n\n\n<p class=\"has-text-align-center\">You will be welcomed at the ch\u00e2teau by J\u00e9r\u00f4me and Sonia. On a spontaneous whim in 2022, they purchased Ch\u00e2teau Blanat with a group of friends, with the goal of restoring it and transforming it into a welcoming home once again.<\/p>\n\n\n\n<div id=\"cta-block_9dd2ddb5212f2f977fb3fb45f8cae4f4\" class=\"cta center-button\">\n                        <a class=\"button\" href=\"https:\/\/reserver.chateau-blanat.fr\/en-GB\/\" target=\"_blank\" rel=\"nofollow\">I am booking accommodation<\/a>\n         \n     \n<\/div><\/div><\/div>\n\n\n\n<div style=\"height:50px\" aria-hidden=\"true\" class=\"wp-block-spacer\"><\/div>\n\n\n\n<h2 class=\"wp-block-heading has-text-align-center\">Discover the Dordogne Valley<\/h2>\n","protected":false},"excerpt":{"rendered":"<p>Welcome to Ch\u00e2teau Blanat Nestled in the Dordogne valley, at the heart of the former Viscounty of Turenne, near Rocamadour, just an hour from Sarlat in P\u00e9rigord, and close proximity to 10 of the \u201cMost Beautiful Villages in France,\u201d this 15th-century castle sits majestically atop a hill at the end of a scenic forest path. [&hellip;]<\/p>\n","protected":false},"author":2,"featured_media":146,"parent":0,"menu_order":1,"comment_status":"closed","ping_status":"closed","template":"front-page.php","meta":{"_acf_changed":true,"_seopress_robots_primary_cat":"","_seopress_titles_title":"Accommodation and events in a castle in the Dordogne Valley","_seopress_titles_desc":"Stay in the Dordogne Valley, near Rocamadour, in a renovated castle: rooms in the castle and cottage with swimming pool, hammam, spa, private hire, events.","_seopress_robots_index":"","footnotes":""},"class_list":["post-701","page","type-page","status-publish","has-post-thumbnail"],"acf":[],"_links":{"self":[{"href":"https:\/\/chateau-blanat.fr\/en\/wp-json\/wp\/v2\/pages\/701","targetHints":{"allow":["GET"]}}],"collection":[{"href":"https:\/\/chateau-blanat.fr\/en\/wp-json\/wp\/v2\/pages"}],"about":[{"href":"https:\/\/chateau-blanat.fr\/en\/wp-json\/wp\/v2\/types\/page"}],"author":[{"embeddable":true,"href":"https:\/\/chateau-blanat.fr\/en\/wp-json\/wp\/v2\/users\/2"}],"replies":[{"embeddable":true,"href":"https:\/\/chateau-blanat.fr\/en\/wp-json\/wp\/v2\/comments?post=701"}],"version-history":[{"count":0,"href":"https:\/\/chateau-blanat.fr\/en\/wp-json\/wp\/v2\/pages\/701\/revisions"}],"wp:featuredmedia":[{"embeddable":true,"href":"https:\/\/chateau-blanat.fr\/en\/wp-json\/wp\/v2\/media\/146"}],"wp:attachment":[{"href":"https:\/\/chateau-blanat.fr\/en\/wp-json\/wp\/v2\/media?parent=701"}],"curies":[{"name":"wp","href":"https:\/\/api.w.org\/{rel}","templated":true}]}}